{"id":3850,"date":"2020-03-13T04:12:25","date_gmt":"2020-03-13T04:12:25","guid":{"rendered":"http:\/\/leadspro.es\/puntolana\/?page_id=3850"},"modified":"2024-09-18T12:55:49","modified_gmt":"2024-09-18T10:55:49","slug":"alpaca","status":"publish","type":"page","link":"https:\/\/ilchiti.com\/staging\/nosotros\/alpaca\/","title":{"rendered":"Alpaca"},"content":{"rendered":"<p>[vc_row full_width=\u00bbstretch_row_content\u00bb full_height=\u00bbyes\u00bb content_placement=\u00bbmiddle\u00bb][vc_column offset=\u00bbvc_col-lg-6 vc_col-md-8&#8243;][vc_row_inner][vc_column_inner width=\u00bb11\/12&#8243; css=\u00bb.vc_custom_1584071153843{padding-right: 15% !important;padding-left: 15% !important;}\u00bb][vc_custom_heading text=\u00bbALPACA\u00bb font_container=\u00bbtag:h2|text_align:center\u00bb use_theme_fonts=\u00bbyes\u00bb css=\u00bb.vc_custom_1585670881888{margin-top: 2rem !important;margin-bottom: 1.5rem !important;}\u00bb][vc_column_text el_class=\u00bbtxtttlen\u00bb]<\/p>\n<p style=\"text-align: justify;\">La alpaca forma parte de la familia de los cam\u00e9lidos sudamericanos que habitan en los andes del Per\u00fa, estas son criadas en reba\u00f1os en las punas a m\u00e1s de 4000 m.s.n.m en una geograf\u00eda impresionante, donde la diferencia de temperaturas entre el d\u00eda y la noche alcanzan entre -20\u00b0C a 30\u00b0C.<\/p>\n<p style=\"text-align: justify;\">Las alpacas tienen las siguientes razas:<\/p>\n<p style=\"text-align: justify;\">La Alpaca Huacaya es un animal de buen desarrollo corporal, posee densidad, suavidad, lustre y esponjosidad.<\/p>\n<p style=\"text-align: justify;\">La Alpaca Suri es un animal muy llamativo por su estampa y belleza, su cuerpo est\u00e1 cubierto por sus fibras que cuelgan en rulos perpendiculares, tiene la fibra brillante muy larga y sedosa.<\/p>\n<p>[\/vc_column_text][\/vc_column_inner][vc_column_inner width=\u00bb1\/12&#8243;][\/vc_column_inner][\/vc_row_inner][\/vc_column][vc_column offset=\u00bbvc_col-lg-6 vc_col-md-4&#8243;][vc_row_inner][vc_column_inner width=\u00bb11\/12&#8243;][vc_single_image image=\u00bb3856&#8243; img_size=\u00bbfull\u00bb css=\u00bb.vc_custom_1584758218951{margin-bottom: 0px !important;}\u00bb][\/vc_column_inner][vc_column_inner width=\u00bb1\/12&#8243;][\/vc_column_inner][\/vc_row_inner][\/vc_column][\/vc_row][vc_row full_width=\u00bbstretch_row_content_no_spaces\u00bb css=\u00bb.vc_custom_1584395849032{margin-top: 50px !important;}\u00bb][vc_column][vc_column_text]<\/p>\n\t\t\t<style>\r\n                #foogallery-gallery-3870.fg-justified .fg-item {\r\n                    margin-right: 8px;\r\n                    margin-bottom: 8px;\r\n                }\r\n\r\n                #foogallery-gallery-3870.fg-justified .fg-image {\r\n                    height: 220px;\r\n                }\r\n\t\t\t<\/style>\r\n\t\t\t<div class=\"foogallery foogallery-container foogallery-justified foogallery-lightbox-none fg-justified fg-light fg-loading-pulse fg-loaded-fade-in fg-hover-fade fg-hover-zoom2 fg-ready\" id=\"foogallery-gallery-3870\" data-foogallery=\"{&quot;item&quot;:{&quot;showCaptionTitle&quot;:false,&quot;showCaptionDescription&quot;:false},&quot;lazy&quot;:true,&quot;template&quot;:{&quot;rowHeight&quot;:220,&quot;maxRowHeight&quot;:440,&quot;margins&quot;:8,&quot;align&quot;:&quot;center&quot;,&quot;lastRow&quot;:&quot;smart&quot;}}\" >\r\n\t<div class=\"fg-item fg-type-image fg-idle\"><figure class=\"fg-item-inner\"><a href=\"https:\/\/ilchiti.com\/staging\/wp-content\/uploads\/2020\/03\/alpaca2.jpg\" data-attachment-id=\"3861\" data-type=\"image\" class=\"fg-thumb\"><span class=\"fg-image-wrap\"><img fetchpriority=\"high\" decoding=\"async\" height=\"440\" width=\"885\" class=\"skip-lazy fg-image\" data-src-fg=\"https:\/\/ilchiti.com\/staging\/wp-content\/uploads\/cache\/2020\/03\/alpaca2\/81409829.jpg\" src=\"data:image\/svg+xml,%3Csvg%20xmlns%3D%22http%3A%2F%2Fwww.w3.org%2F2000%2Fsvg%22%20width%3D%22885%22%20height%3D%22440%22%20viewBox%3D%220%200%20885%20440%22%3E%3C%2Fsvg%3E\" loading=\"eager\"><\/span><span class=\"fg-image-overlay\"><\/span><\/a><figcaption class=\"fg-caption\"><div class=\"fg-caption-inner\"><\/div><\/figcaption><\/figure><div class=\"fg-loader\"><\/div><\/div><div class=\"fg-item fg-type-image fg-idle\"><figure class=\"fg-item-inner\"><a href=\"https:\/\/ilchiti.com\/staging\/wp-content\/uploads\/2020\/03\/alpaca3.jpg\" data-attachment-id=\"3864\" data-type=\"image\" class=\"fg-thumb\"><span class=\"fg-image-wrap\"><img decoding=\"async\" height=\"440\" width=\"343\" class=\"skip-lazy fg-image\" data-src-fg=\"https:\/\/ilchiti.com\/staging\/wp-content\/uploads\/cache\/2020\/03\/alpaca3\/2924084727.jpg\" src=\"data:image\/svg+xml,%3Csvg%20xmlns%3D%22http%3A%2F%2Fwww.w3.org%2F2000%2Fsvg%22%20width%3D%22343%22%20height%3D%22440%22%20viewBox%3D%220%200%20343%20440%22%3E%3C%2Fsvg%3E\" loading=\"eager\"><\/span><span class=\"fg-image-overlay\"><\/span><\/a><figcaption class=\"fg-caption\"><div class=\"fg-caption-inner\"><\/div><\/figcaption><\/figure><div class=\"fg-loader\"><\/div><\/div><div class=\"fg-item fg-type-image fg-idle\"><figure class=\"fg-item-inner\"><a href=\"https:\/\/ilchiti.com\/staging\/wp-content\/uploads\/2020\/03\/alpaca4.jpg\" data-attachment-id=\"3865\" data-type=\"image\" class=\"fg-thumb\"><span class=\"fg-image-wrap\"><img decoding=\"async\" height=\"440\" width=\"660\" class=\"skip-lazy fg-image\" data-src-fg=\"https:\/\/ilchiti.com\/staging\/wp-content\/uploads\/cache\/2020\/03\/alpaca4\/1642160248.jpg\" src=\"data:image\/svg+xml,%3Csvg%20xmlns%3D%22http%3A%2F%2Fwww.w3.org%2F2000%2Fsvg%22%20width%3D%22660%22%20height%3D%22440%22%20viewBox%3D%220%200%20660%20440%22%3E%3C%2Fsvg%3E\" loading=\"eager\"><\/span><span class=\"fg-image-overlay\"><\/span><\/a><figcaption class=\"fg-caption\"><div class=\"fg-caption-inner\"><\/div><\/figcaption><\/figure><div class=\"fg-loader\"><\/div><\/div><div class=\"fg-item fg-type-image fg-idle\"><figure class=\"fg-item-inner\"><a href=\"https:\/\/ilchiti.com\/staging\/wp-content\/uploads\/2020\/03\/alpaca5.jpg\" data-attachment-id=\"3863\" data-type=\"image\" class=\"fg-thumb\"><span class=\"fg-image-wrap\"><img decoding=\"async\" height=\"440\" width=\"730\" class=\"skip-lazy fg-image\" data-src-fg=\"https:\/\/ilchiti.com\/staging\/wp-content\/uploads\/cache\/2020\/03\/alpaca5\/1605701969.jpg\" src=\"data:image\/svg+xml,%3Csvg%20xmlns%3D%22http%3A%2F%2Fwww.w3.org%2F2000%2Fsvg%22%20width%3D%22730%22%20height%3D%22440%22%20viewBox%3D%220%200%20730%20440%22%3E%3C%2Fsvg%3E\" loading=\"eager\"><\/span><span class=\"fg-image-overlay\"><\/span><\/a><figcaption class=\"fg-caption\"><div class=\"fg-caption-inner\"><\/div><\/figcaption><\/figure><div class=\"fg-loader\"><\/div><\/div><\/div>\r\n\n<p>[\/vc_column_text][\/vc_column][\/vc_row]<\/p>","protected":false},"excerpt":{"rendered":"<p>[vc_row full_width=\u00bbstretch_row_content\u00bb full_height=\u00bbyes\u00bb content_placement=\u00bbmiddle\u00bb][vc_column offset=\u00bbvc_col-lg-6 vc_col-md-8&#8243;][vc_row_inner][vc_column_inner width=\u00bb11\/12&#8243; css=\u00bb.vc_custom_1584071153843{padding-right: 15% !important;padding-left: 15% !important;}\u00bb][vc_custom_heading text=\u00bbALPACA\u00bb font_container=\u00bbtag:h2|text_align:center\u00bb use_theme_fonts=\u00bbyes\u00bb css=\u00bb.vc_custom_1585670881888{margin-top: 2rem !important;margin-bottom: 1.5rem !important;}\u00bb][vc_column_text\u2026<\/p>\n","protected":false},"author":1,"featured_media":0,"parent":3814,"menu_order":0,"comment_status":"closed","ping_status":"closed","template":"","meta":{"footnotes":""},"class_list":["post-3850","page","type-page","status-publish","hentry"],"jetpack_sharing_enabled":true,"_links":{"self":[{"href":"https:\/\/ilchiti.com\/staging\/wp-json\/wp\/v2\/pages\/3850","targetHints":{"allow":["GET"]}}],"collection":[{"href":"https:\/\/ilchiti.com\/staging\/wp-json\/wp\/v2\/pages"}],"about":[{"href":"https:\/\/ilchiti.com\/staging\/wp-json\/wp\/v2\/types\/page"}],"author":[{"embeddable":true,"href":"https:\/\/ilchiti.com\/staging\/wp-json\/wp\/v2\/users\/1"}],"replies":[{"embeddable":true,"href":"https:\/\/ilchiti.com\/staging\/wp-json\/wp\/v2\/comments?post=3850"}],"version-history":[{"count":28,"href":"https:\/\/ilchiti.com\/staging\/wp-json\/wp\/v2\/pages\/3850\/revisions"}],"predecessor-version":[{"id":7380,"href":"https:\/\/ilchiti.com\/staging\/wp-json\/wp\/v2\/pages\/3850\/revisions\/7380"}],"up":[{"embeddable":true,"href":"https:\/\/ilchiti.com\/staging\/wp-json\/wp\/v2\/pages\/3814"}],"wp:attachment":[{"href":"https:\/\/ilchiti.com\/staging\/wp-json\/wp\/v2\/media?parent=3850"}],"curies":[{"name":"wp","href":"https:\/\/api.w.org\/{rel}","templated":true}]}}